{"id":1740,"date":"2025-04-30T11:17:59","date_gmt":"2025-04-30T09:17:59","guid":{"rendered":"https:\/\/forborddome.brekken.no\/?page_id=1740"},"modified":"2025-05-01T09:23:24","modified_gmt":"2025-05-01T07:23:24","slug":"book-your-stay-online","status":"publish","type":"page","link":"https:\/\/forborddome.brekken.no\/nb\/book-your-stay-online\/","title":{"rendered":"Bestill opphold p\u00e5 nett"},"content":{"rendered":"<p class=\"has-medium-font-size\">Vi er til stede p\u00e5 tre store bookingnettsteder: <strong>Campanyon<\/strong>, <strong>Airbnb<\/strong>, og <strong>Booking<\/strong>. Vennligst velg ett av nettstedene for \u00e5 bestille <strong>ditt<\/strong> opphold \ud83d\ude0a<\/p>\n\n\n\n<hr class=\"wp-block-separator has-alpha-channel-opacity is-style-wide\"\/>\n\n\n\n<div class=\"wp-block-columns is-layout-flex wp-container-core-columns-is-layout-9d6595d7 wp-block-columns-is-layout-flex\">\n<div class=\"wp-block-column is-layout-flow wp-block-column-is-layout-flow\">\n<p class=\"has-medium-font-size\"><strong>Campanyon<\/strong><\/p>\n\n\n\n<embed type=\"text\/html\" src=\"https:\/\/www.campanyon.com\/en\/widget\/OB2MAwaU6auobNOUl3VP\/EUR\/e1260c\/ffffff\/gallery\" width=\"100%\" height=\"915\" \/>\n\n\n\n<p>Or use the button below to go to our booking page on Campanyon.<\/p>\n\n\n\n<a href=\"https:\/\/www.campanyon.com\/nb\/listing\/kingdom-of-norway\/skatval\/forbord-dome\/forbord-dome-er-migow-olfua-mrbvu\" target=\"_blank\" ><img decoding=\"async\" alt=\"\" src=\"https:\/\/www.campanyon.com\/images\/book_with_campanyon.png\"\/><\/a>\n<\/div>\n\n\n\n<div class=\"wp-block-column is-layout-flow wp-block-column-is-layout-flow\">\n<p class=\"has-medium-font-size\"><strong>Booking.com<\/strong><\/p>\n\n\n\n<p>Follow this <a href=\"https:\/\/www.booking.com\/hotel\/no\/forbord-dome.no.html?label=gen173nr-1BCAsoqgFCDGZvcmJvcmQtZG9tZUgzWARoqgGIAQGYAR24ARjIAQzYAQHoAQGIAgGoAgS4AsXQx8AGwAIB0gIkZmZiZmYxYmEtMDZiOS00MjQ1LThhMDQtMDgzNTYxYmJkMTA42AIF4AIB&amp;sid=3ed67d0f79e7596f00cda5858d5dfc43&amp;dist=0&amp;keep_landing=1&amp;sb_price_type=total&amp;type=total&amp;\">link<\/a> or clikc the image below and the booking page will open in new tab.<\/p>\n\n\n<div class=\"wp-block-image is-style-rounded\">\n<figure class=\"aligncenter size-full is-resized\"><a href=\"https:\/\/www.booking.com\/hotel\/no\/forbord-dome.no.html?label=gen173nr-1BCAsoqgFCDGZvcmJvcmQtZG9tZUgzWARoqgGIAQGYAR24ARjIAQzYAQHoAQGIAgGoAgS4AsXQx8AGwAIB0gIkZmZiZmYxYmEtMDZiOS00MjQ1LThhMDQtMDgzNTYxYmJkMTA42AIF4AIB&amp;sid=3ed67d0f79e7596f00cda5858d5dfc43&amp;dist=0&amp;keep_landing=1&amp;sb_price_type=total&amp;type=total&amp;\" target=\"_blank\" rel=\" noreferrer noopener\"><img loading=\"lazy\" decoding=\"async\" width=\"512\" height=\"512\" src=\"https:\/\/forborddome.brekken.no\/wp-content\/uploads\/2025\/05\/pngegg.png\" alt=\"\" class=\"wp-image-1767\" style=\"width:188px;height:auto\" srcset=\"https:\/\/forborddome.brekken.no\/wp-content\/uploads\/2025\/05\/pngegg.png 512w, https:\/\/forborddome.brekken.no\/wp-content\/uploads\/2025\/05\/pngegg-300x300.png 300w, https:\/\/forborddome.brekken.no\/wp-content\/uploads\/2025\/05\/pngegg-150x150.png 150w\" sizes=\"auto, (max-width: 512px) 100vw, 512px\" \/><\/a><\/figure>\n<\/div><\/div>\n<\/div>\n\n\n\n<hr class=\"wp-block-separator has-alpha-channel-opacity is-style-wide\"\/>\n\n\n\n<p class=\"has-medium-font-size\"><strong>Airbnb<\/strong>:<\/p>\n\n\n\n<div class=\"airbnb-embed-frame\" data-id=\"960166238086845381\" data-view=\"home\" data-hide-price=\"true\" style=\"width: 450px; height: 300px; margin: auto;\"><a href=\"https:\/\/www.airbnb.no\/rooms\/960166238086845381?guests=1&amp;adults=1&amp;s=66&amp;source=embed_widget\" rel=\"nofollow\">Se p\u00e5 Airbnb<\/a><a href=\"https:\/\/www.airbnb.no\/rooms\/960166238086845381?guests=1&amp;adults=1&amp;s=66&amp;source=embed_widget\" rel=\"nofollow\">Kuppel \u00b7 Skatval \u00b7 \u26054,98 \u00b7 1 soverom \u00b7 1 seng \u00b7 0 bad<\/a><script async=\"\" src=\"https:\/\/www.airbnb.no\/embeddable\/airbnb_jssdk\"><\/script><\/div>\n\n\n\n<p>If clicking on the widget fails, follow this <a href=\"https:\/\/airbnb.no\/h\/forborddome\" target=\"_blank\" rel=\"noreferrer noopener\">link<\/a> or click the image below to go to our booking page on Airbnb<\/p>\n\n\n<div class=\"wp-block-image\">\n<figure class=\"aligncenter size-large is-resized\"><a href=\"https:\/\/airbnb.no\/h\/forborddome\" target=\"_blank\" rel=\" noreferrer noopener\"><img loading=\"lazy\" decoding=\"async\" width=\"1024\" height=\"576\" src=\"https:\/\/forborddome.brekken.no\/wp-content\/uploads\/2025\/05\/Airbnb-1024x576.png\" alt=\"\" class=\"wp-image-1768\" style=\"width:309px;height:auto\" srcset=\"https:\/\/forborddome.brekken.no\/wp-content\/uploads\/2025\/05\/Airbnb-1024x576.png 1024w, https:\/\/forborddome.brekken.no\/wp-content\/uploads\/2025\/05\/Airbnb-300x169.png 300w, https:\/\/forborddome.brekken.no\/wp-content\/uploads\/2025\/05\/Airbnb-768x432.png 768w, https:\/\/forborddome.brekken.no\/wp-content\/uploads\/2025\/05\/Airbnb.png 1280w\" sizes=\"auto, (max-width: 1024px) 100vw, 1024px\" \/><\/a><\/figure>\n<\/div>\n\n\n<p><\/p>","protected":false},"excerpt":{"rendered":"<p>Vi er til stede p\u00e5 tre store bookingnettsteder: Campanyon, Airbnb og Booking. Vennligst velg \u00e9n av sidene for \u00e5 bestille oppholdet ditt \ud83d\ude0a Campanyon Eller bruk knappen nedenfor for \u00e5 g\u00e5 til bookingsiden v\u00e5r p\u00e5 Campanyon. Booking.com F\u00f8lg denne lenken eller klikk p\u00e5 bildet nedenfor for \u00e5 komme til bookingsiden\u2026<\/p>","protected":false},"author":1,"featured_media":1737,"parent":0,"menu_order":0,"comment_status":"closed","ping_status":"closed","template":"","meta":{"_monsterinsights_skip_tracking":false,"_monsterinsights_sitenote_active":false,"_monsterinsights_sitenote_note":"","_monsterinsights_sitenote_category":0,"footnotes":""},"class_list":["post-1740","page","type-page","status-publish","has-post-thumbnail","hentry"],"_links":{"self":[{"href":"https:\/\/forborddome.brekken.no\/nb\/wp-json\/wp\/v2\/pages\/1740","targetHints":{"allow":["GET"]}}],"collection":[{"href":"https:\/\/forborddome.brekken.no\/nb\/wp-json\/wp\/v2\/pages"}],"about":[{"href":"https:\/\/forborddome.brekken.no\/nb\/wp-json\/wp\/v2\/types\/page"}],"author":[{"embeddable":true,"href":"https:\/\/forborddome.brekken.no\/nb\/wp-json\/wp\/v2\/users\/1"}],"replies":[{"embeddable":true,"href":"https:\/\/forborddome.brekken.no\/nb\/wp-json\/wp\/v2\/comments?post=1740"}],"version-history":[{"count":14,"href":"https:\/\/forborddome.brekken.no\/nb\/wp-json\/wp\/v2\/pages\/1740\/revisions"}],"predecessor-version":[{"id":1769,"href":"https:\/\/forborddome.brekken.no\/nb\/wp-json\/wp\/v2\/pages\/1740\/revisions\/1769"}],"wp:featuredmedia":[{"embeddable":true,"href":"https:\/\/forborddome.brekken.no\/nb\/wp-json\/wp\/v2\/media\/1737"}],"wp:attachment":[{"href":"https:\/\/forborddome.brekken.no\/nb\/wp-json\/wp\/v2\/media?parent=1740"}],"curies":[{"name":"wp","href":"https:\/\/api.w.org\/{rel}","templated":true}]}}