{"id":1473,"date":"2023-11-19T22:13:36","date_gmt":"2023-11-19T21:13:36","guid":{"rendered":"https:\/\/forborddome.brekken.no\/?page_id=1473"},"modified":"2024-04-23T11:19:31","modified_gmt":"2024-04-23T09:19:31","slug":"tour-suggestions","status":"publish","type":"page","link":"https:\/\/forborddome.brekken.no\/nb\/tour-suggestions\/","title":{"rendered":"Turforslag"},"content":{"rendered":"<h2 class=\"wp-block-heading\">Here are some nice hiking possibilities:<\/h2>\n\n\n\n<ul class=\"wp-block-list\">\n<li><strong>Forbordfjellet using V\u00e5tt\u00e5stien.<\/strong><br>V\u00e5tt\u00e5stien is an old path up to the top of Forbordsfjellet. V\u00e5tt\u00e5stien was perhaps used to get up to the cairn at the top of Forbordsfjellet in the old days. About the cairn, you can read the following in the book Skatval V\u00e5r historiske arv bind IV: &#8220;<em>\u2026the oldest cairn was up the Svartberget where the dividing mark runs between Forbord and Skatval. Later it was moved to the northwest corner of the mountain so that it could be seen better from Innherred. The cairn was built of several logs surrounded by a stone wall. Inside, the cairn had a kind of tent room which was filled with small nails cut from pine roots. Outside there were more nails in a boat. The guardhouse (v\u00e5tt\u00e5stuggu) was about 5&#215;3 cubits, and so high that a man could stand upright under the m\u00f8ns\u00e5sen (1 cubit is approx. 63 cm). The living room had a door in the eastern cross wall and a viewing window in each of the other walls.&#8221; Furthermore, one can read that &#8220;\u2026the cairn blew over in a storm in the late 1940s&#8221; (19th century) and in the Crane Era 1850-51 &#8220;the householders took and went home to burn both vaattaastuggu and spikes<\/em>&#8220;. <br>The path is marked with signs. This is a summer trail, but it might be possible to walk in winter too depending on the amount of snow or ice.<\/li>\n\n\n\n<li><strong>Svartkamhytta.<\/strong><br>The trip to the Svartkamhytta hut is an easy hike, approximate 2.5km from the dome. The hut is usually open every Sunday from 10:30 to 14:00. Waffles, coffee and juice are sold. Se this <a href=\"https:\/\/ut.no\/turforslag\/119998\/svartkamhytta\" target=\"_blank\" rel=\"noreferrer noopener\">description<\/a> for more info about the hike. In the winter it is preferable to do the trip using skies, but it is possible to walk also (take care not to destroy the ski-tracks).<\/li>\n\n\n\n<li><strong>Steinvikholm Castle<\/strong> is an island fortress on the Skatval peninsula. The castle was built over seven years, from 1525 to 1532, by Norway&#8217;s last Roman Catholic Archbishop, Olav Engelbrektsson. Steinvikholm castle became a powerful fortification by the time it was built, and it is the largest construction raised in the Norwegian middle age.<br>Read more about the castle in this Wikipedia <a href=\"https:\/\/en.wikipedia.org\/wiki\/Steinvikholm_Castle\" target=\"_blank\" rel=\"noreferrer noopener\">article<\/a>.<\/li>\n<\/ul>\n\n\n\n<a title=\"Erik Fl\u00f8an, Public domain, via Wikimedia Commons\" href=\"https:\/\/commons.wikimedia.org\/wiki\/File:Steinvikholm_slott.JPG\"><img decoding=\"async\" width=\"512\" alt=\"Steinvikholm slott\" src=\"https:\/\/upload.wikimedia.org\/wikipedia\/commons\/thumb\/5\/55\/Steinvikholm_slott.JPG\/512px-Steinvikholm_slott.JPG\"><\/a>\n\n<a title=\"Hellhammers, CC BY-SA 4.0 &lt;https:\/\/creativecommons.org\/licenses\/by-sa\/4.0&gt;, via Wikimedia Commons\" href=\"https:\/\/commons.wikimedia.org\/wiki\/File:Svartkamhytta3.jpg\"><img decoding=\"async\" width=\"256\" alt=\"Svartkamhytta3\" src=\"https:\/\/upload.wikimedia.org\/wikipedia\/commons\/thumb\/f\/f1\/Svartkamhytta3.jpg\/256px-Svartkamhytta3.jpg\"><\/a>\n\n\n\n<p><\/p>\n\n\n\n<h2 class=\"wp-block-heading\">Summer tours in Koomot<\/h2>\n\n\n\n<p>Here are some possibilities for hiking in the summer or when it is no or little snow. The map is clickable and will take you to Koomot where all hikes can be downloaded as GPX or investigated more deeply. The dome is not marked on the map, but is near the center, a bit to the left.<\/p>\n\n\n\n<figure class=\"wp-block-image size-large\"><a href=\"https:\/\/www.komoot.com\/collection\/2545364\/-forbord-dome-summer-tours\" target=\"_blank\" rel=\"noreferrer noopener\"><img loading=\"lazy\" decoding=\"async\" width=\"1024\" height=\"513\" src=\"https:\/\/forborddome.brekken.no\/wp-content\/uploads\/2024\/03\/chrome_2024-03-07_23-24-54-1024x513.png\" alt=\"\" class=\"wp-image-1577\" srcset=\"https:\/\/forborddome.brekken.no\/wp-content\/uploads\/2024\/03\/chrome_2024-03-07_23-24-54-1024x513.png 1024w, https:\/\/forborddome.brekken.no\/wp-content\/uploads\/2024\/03\/chrome_2024-03-07_23-24-54-300x150.png 300w, https:\/\/forborddome.brekken.no\/wp-content\/uploads\/2024\/03\/chrome_2024-03-07_23-24-54-768x385.png 768w, https:\/\/forborddome.brekken.no\/wp-content\/uploads\/2024\/03\/chrome_2024-03-07_23-24-54.png 1363w\" sizes=\"auto, (max-width: 1024px) 100vw, 1024px\" \/><\/a><\/figure>\n\n\n\n<p>(<a href=\"https:\/\/www.komoot.com\/collection\/2545364\/-forbord-dome-summer-tours\" target=\"_blank\" rel=\"noreferrer noopener\">https:\/\/www.komoot.com\/collection\/2545364\/-forbord-dome-summer-tours<\/a>)<\/p>\n\n\n\n<h2 class=\"wp-block-heading\">Cross-country skiing possibilities in the winter:<\/h2>\n\n\n\n<figure class=\"wp-block-image size-large\"><img loading=\"lazy\" decoding=\"async\" width=\"1024\" height=\"576\" src=\"https:\/\/forborddome.brekken.no\/wp-content\/uploads\/2024\/01\/Forbordsfjellet-skispor-1-1024x576.jpg\" alt=\"\" class=\"wp-image-1538\" srcset=\"https:\/\/forborddome.brekken.no\/wp-content\/uploads\/2024\/01\/Forbordsfjellet-skispor-1-1024x576.jpg 1024w, https:\/\/forborddome.brekken.no\/wp-content\/uploads\/2024\/01\/Forbordsfjellet-skispor-1-300x169.jpg 300w, https:\/\/forborddome.brekken.no\/wp-content\/uploads\/2024\/01\/Forbordsfjellet-skispor-1-768x432.jpg 768w, https:\/\/forborddome.brekken.no\/wp-content\/uploads\/2024\/01\/Forbordsfjellet-skispor-1-1536x864.jpg 1536w, https:\/\/forborddome.brekken.no\/wp-content\/uploads\/2024\/01\/Forbordsfjellet-skispor-1.jpg 1920w\" sizes=\"auto, (max-width: 1024px) 100vw, 1024px\" \/><\/figure>\n\n\n\n<p>In the image above you can see some of the cross-country skiing trails available in the area. The blue line shows the cross country ski trail to Svartkamhytta. Svartkamhytta is an open and unattended cabin, with serving some Sundays. The starting point of the blue line (to the left in the image) is the parking area called &#8220;Kleiva&#8221;. This parking area are approximately 500m from the alternative parking area for Forbord Dome. Be aware of that the road to &#8220;Kleiva&#8221; (and the alternative parking for Forbord Dome) might be difficult in the winter due to snow and ice, so please take the necessary precautions, such as a car with four-wheel drive and\/or and studded tyres. Do not hesitate to contact us for advice.<\/p>\n\n\n\n<p><\/p>","protected":false},"excerpt":{"rendered":"<p>Here are some nice hiking possibilities: Summer tours in Koomot Here are some possibilities for hiking in the summer or when it is no or little snow. The map is clickable and will take you to Koomot where all hikes can be downloaded as GPX or investigated more deeply. The&#8230;<\/p>","protected":false},"author":1,"featured_media":1479,"parent":0,"menu_order":0,"comment_status":"closed","ping_status":"closed","template":"","meta":{"_monsterinsights_skip_tracking":false,"_monsterinsights_sitenote_active":false,"_monsterinsights_sitenote_note":"","_monsterinsights_sitenote_category":0,"footnotes":""},"class_list":["post-1473","page","type-page","status-publish","has-post-thumbnail","hentry"],"_links":{"self":[{"href":"https:\/\/forborddome.brekken.no\/nb\/wp-json\/wp\/v2\/pages\/1473","targetHints":{"allow":["GET"]}}],"collection":[{"href":"https:\/\/forborddome.brekken.no\/nb\/wp-json\/wp\/v2\/pages"}],"about":[{"href":"https:\/\/forborddome.brekken.no\/nb\/wp-json\/wp\/v2\/types\/page"}],"author":[{"embeddable":true,"href":"https:\/\/forborddome.brekken.no\/nb\/wp-json\/wp\/v2\/users\/1"}],"replies":[{"embeddable":true,"href":"https:\/\/forborddome.brekken.no\/nb\/wp-json\/wp\/v2\/comments?post=1473"}],"version-history":[{"count":15,"href":"https:\/\/forborddome.brekken.no\/nb\/wp-json\/wp\/v2\/pages\/1473\/revisions"}],"predecessor-version":[{"id":1629,"href":"https:\/\/forborddome.brekken.no\/nb\/wp-json\/wp\/v2\/pages\/1473\/revisions\/1629"}],"wp:featuredmedia":[{"embeddable":true,"href":"https:\/\/forborddome.brekken.no\/nb\/wp-json\/wp\/v2\/media\/1479"}],"wp:attachment":[{"href":"https:\/\/forborddome.brekken.no\/nb\/wp-json\/wp\/v2\/media?parent=1473"}],"curies":[{"name":"wp","href":"https:\/\/api.w.org\/{rel}","templated":true}]}}