{"id":1377,"date":"2023-11-01T21:41:34","date_gmt":"2023-11-01T21:41:34","guid":{"rendered":"https:\/\/forborddome.brekken.no\/?page_id=1377"},"modified":"2023-12-18T08:32:12","modified_gmt":"2023-12-18T07:32:12","slug":"gavekort","status":"publish","type":"page","link":"https:\/\/forborddome.brekken.no\/nb\/gavekort\/","title":{"rendered":"Kj\u00f8p gavekort"},"content":{"rendered":"<p class=\"has-text-align-center has-medium-font-size\">Gavekortene er gyldige for \u00e9n eller to netter og m\u00e5 innl\u00f8ses ved \u00e5 bestille direkte hos oss. Bruk e-post eller telefon. Ikke n\u00f8l med \u00e5 kontakte oss hvis du har sp\u00f8rsm\u00e5l.<\/p>\n\n\n\n<div class=\"gift-up-target\" \r\n            data-site-id=\"de68ab43-547b-4199-2bf5-08dbd9f72a15\" \r\n            data-domain=\"\"\r\n            data-product-id=\"\"\r\n            data-group-id=\"538f1b3b-1ab1-4eb0-1154-08dbf598bb7b\"\r\n            data-payment-methods=\"\"\r\n            data-language=\"\"\r\n            data-purchaser-name=\"\"\r\n            data-purchaser-email=\"\"\r\n            data-recipient-name=\"\"\r\n            data-recipient-email=\"\"\r\n            data-step=\"\"\r\n            data-who-for=\"\"\r\n            data-promo-code=\"\"\r\n            data-hide-artwork=\"\"\r\n            data-hide-groups=\"\"\r\n            data-hide-ungrouped-items=\"\"\r\n            data-hide-custom-value=\"\"\r\n            data-custom-value-amount=\"\"\r\n            data-referrer=\"\"\r\n            data-platform=\"Wordpress\"\r\n        ><\/div>\r\n        <script type=\"text\/javascript\">\r\n        (function (g, i, f, t, u, p, s) {\r\n            g[u] = g[u] || function() { (g[u].q = g[u].q || []).push(arguments) };\r\n            p = i.createElement(f);\r\n            p.async = 1;\r\n            p.src = t;\r\n            s = i.getElementsByTagName(f)[0];\r\n            s.parentNode.insertBefore(p, s);\r\n        })(window, document, 'script', 'https:\/\/cdn.giftup.app\/dist\/gift-up.js', 'giftup');\r\n        <\/script>","protected":false},"excerpt":{"rendered":"<p>Kj\u00f8p et gavekort til et opphold p\u00e5 Forbord Dome<\/p>","protected":false},"author":1,"featured_media":1340,"parent":0,"menu_order":0,"comment_status":"closed","ping_status":"closed","template":"","meta":{"_monsterinsights_skip_tracking":false,"_monsterinsights_sitenote_active":false,"_monsterinsights_sitenote_note":"","_monsterinsights_sitenote_category":0,"footnotes":""},"class_list":["post-1377","page","type-page","status-publish","has-post-thumbnail","hentry"],"_links":{"self":[{"href":"https:\/\/forborddome.brekken.no\/nb\/wp-json\/wp\/v2\/pages\/1377","targetHints":{"allow":["GET"]}}],"collection":[{"href":"https:\/\/forborddome.brekken.no\/nb\/wp-json\/wp\/v2\/pages"}],"about":[{"href":"https:\/\/forborddome.brekken.no\/nb\/wp-json\/wp\/v2\/types\/page"}],"author":[{"embeddable":true,"href":"https:\/\/forborddome.brekken.no\/nb\/wp-json\/wp\/v2\/users\/1"}],"replies":[{"embeddable":true,"href":"https:\/\/forborddome.brekken.no\/nb\/wp-json\/wp\/v2\/comments?post=1377"}],"version-history":[{"count":11,"href":"https:\/\/forborddome.brekken.no\/nb\/wp-json\/wp\/v2\/pages\/1377\/revisions"}],"predecessor-version":[{"id":1514,"href":"https:\/\/forborddome.brekken.no\/nb\/wp-json\/wp\/v2\/pages\/1377\/revisions\/1514"}],"wp:featuredmedia":[{"embeddable":true,"href":"https:\/\/forborddome.brekken.no\/nb\/wp-json\/wp\/v2\/media\/1340"}],"wp:attachment":[{"href":"https:\/\/forborddome.brekken.no\/nb\/wp-json\/wp\/v2\/media?parent=1377"}],"curies":[{"name":"wp","href":"https:\/\/api.w.org\/{rel}","templated":true}]}}